{"id":828,"date":"2024-09-19T18:00:45","date_gmt":"2024-09-19T16:00:45","guid":{"rendered":"https:\/\/wp.famed.digifortserver.de\/?page_id=828"},"modified":"2026-03-20T12:29:35","modified_gmt":"2026-03-20T11:29:35","slug":"impressum","status":"publish","type":"page","link":"https:\/\/digifort-experts.de\/en\/impressum\/","title":{"rendered":"Impressum"},"content":{"rendered":"<div data-elementor-type=\"wp-page\" data-elementor-id=\"828\" class=\"elementor elementor-828\" data-elementor-post-type=\"page\">\n\t\t\t\t<div class=\"elementor-element elementor-element-74154c1 e-flex e-con-boxed e-con e-parent\" data-id=\"74154c1\" data-element_type=\"container\" data-e-type=\"container\">\n\t\t\t\t\t<div class=\"e-con-inner\">\n\t\t\t\t<div class=\"elementor-element elementor-element-c6f1e57 elementor-widget elementor-widget-heading\" data-id=\"c6f1e57\" data-element_type=\"widget\" data-e-type=\"widget\" data-widget_type=\"heading.default\">\n\t\t\t\t<div class=\"elementor-widget-container\">\n\t\t\t\t\t<h2 class=\"elementor-heading-title elementor-size-default\">Impressum<\/h2>\t\t\t\t<\/div>\n\t\t\t\t<\/div>\n\t\t\t\t<div class=\"elementor-element elementor-element-35d63b7 elementor-widget elementor-widget-spacer\" data-id=\"35d63b7\" data-element_type=\"widget\" data-e-type=\"widget\" data-widget_type=\"spacer.default\">\n\t\t\t\t<div class=\"elementor-widget-container\">\n\t\t\t\t\t\t\t<div class=\"elementor-spacer\">\n\t\t\t<div class=\"elementor-spacer-inner\"><\/div>\n\t\t<\/div>\n\t\t\t\t\t\t<\/div>\n\t\t\t\t<\/div>\n\t\t\t\t<div class=\"elementor-element elementor-element-0e562d9 elementor-widget elementor-widget-text-editor\" data-id=\"0e562d9\" data-element_type=\"widget\" data-e-type=\"widget\" data-widget_type=\"text-editor.default\">\n\t\t\t\t<div class=\"elementor-widget-container\">\n\t\t\t\t\t\t\t\t\t<h2>digiFORT Gesundheit und Pflege GmbH<\/h2><p>Gesch\u00e4ftsf\u00fchrer: Holger Strehlau, David Volmer<br \/>Wilhelmsh\u00f6her Allee 287<br \/>34131 Kassel<\/p><p>Internet: digifort-experts.de<\/p><p>Verantwortlich f\u00fcr den Inhalt: Holger Strehlau, David Volmer<br \/>Sitz: Kassel HRB 18934<br \/><span data-teams=\"true\">USt-IdNr.: DE358185035<\/span><br \/>Registergericht: Kassel<\/p><h2>Rechtliche Hinweise<\/h2><p>Links von anderen Internet-Angeboten auf diese Homepage oder ihre Unterseiten sind ohne weitere Informationen oder Anfragen erlaubt, sofern sie das Anliegen dieser Homepage unterst\u00fctzen und sie oder eine ihrer Unterseiten im gesamten bisherigen oder einem neuen Browserfenster zeigen. Aufrufe in einem Frame-Teilfenster, die so die verlinkte Seite dieser Website als Teil der fremden Internet-Site erscheinen lassen, sind nicht statthaft.<\/p><p>Haftungsausschluss<\/p><h3>Links<\/h3><p>Links, die von dieser Homepage zu anderen Internet-Seiten f\u00fchren, sind eine Gef\u00e4lligkeit gegen\u00fcber dem Internet-Nutzer. Trotz sorgf\u00e4ltiger inhaltlicher Kontrolle \u00fcbernehmen wir keine Haftung f\u00fcr die Inhalte externer Links. F\u00fcr den Inhalt der verlinkten Seiten sind ausschlie\u00dflich deren Betreiber verantwortlich.<br \/>Inhalte<br \/>Die Inhalte unserer Seiten wurden mit gr\u00f6\u00dfter Sorgfalt erstellt. F\u00fcr die Richtigkeit, Vollst\u00e4ndigkeit und Aktualit\u00e4t der Inhalte k\u00f6nnen wir jedoch keine Gew\u00e4hr \u00fcbernehmen. Als Diensteanbieter sind wir gem\u00e4\u00df \u00a7 7 Abs.1 TMG f\u00fcr eigene Inhalte auf diesen Seiten nach den allgemeinen Gesetzen verantwortlich. Nach \u00a7\u00a7 8 bis 10 TMG sind wir als Diensteanbieter jedoch nicht verpflichtet, \u00fcbermittelte oder gespeicherte fremde Informationen zu \u00fcberwachen oder nach Umst\u00e4nden zu forschen, die auf eine rechtswidrige T\u00e4tigkeit hinweisen. Verpflichtungen zur Entfernung oder Sperrung der Nutzung von Informationen nach den allgemeinen Gesetzen bleiben hiervon unber\u00fchrt. Eine diesbez\u00fcgliche Haftung ist jedoch erst ab dem Zeitpunkt der Kenntnis einer konkreten Rechtsverletzung m\u00f6glich. Bei Bekanntwerden von entsprechenden Rechtsverletzungen werden wir diese Inhalte umgehend entfernen.<\/p><h3>Datenschutz<\/h3><p>Die Nutzung unserer Webseite ist in der Regel ohne Angabe personenbezogener Daten m\u00f6glich. Soweit auf unseren Seiten personenbezogene Daten (beispielsweise Name, Anschrift oder eMail-Adressen) erhoben werden, erfolgt dies, soweit m\u00f6glich, stets auf freiwilliger Basis. Diese Daten werden ohne Ihre ausdr\u00fcckliche Zustimmung nicht an Dritte weitergegeben.<\/p><p>Wir weisen darauf hin, dass die Daten\u00fcbertragung im Internet (z.B. bei der Kommunikation per E-Mail) Sicherheitsl\u00fccken aufweisen kann. Ein l\u00fcckenloser Schutz der Daten vor dem Zugriff durch Dritte ist nicht m\u00f6glich.<\/p><p>Der Nutzung von im Rahmen der Impressumspflicht ver\u00f6ffentlichten Kontaktdaten durch Dritte zur \u00dcbersendung von nicht ausdr\u00fccklich angeforderter Werbung und Informationsmaterialien wird hiermit ausdr\u00fccklich widersprochen. Die Betreiber der Seiten behalten sich ausdr\u00fccklich rechtliche Schritte im Falle der unverlangten Zusendung von Werbeinformationen, etwa durch Spam-Mails, vor.<\/p><p>Jeder Zugriff auf unsere Homepage und jeder Abruf einer auf der Homepage hinterlegten Datei werden protokolliert (Serverlog). Die Speicherung dient internen systembezogenen und statistischen Zwecken. Protokolliert werden: Name der abgerufenen Datei, Datum und Uhrzeit des Abrufs, \u00fcbertragene Datenmenge, Meldung \u00fcber erfolgreichen Abruf, Webbrowser und Referer. Zus\u00e4tzlich werden die IP Adressen der anfragenden Rechner protokolliert. Bitte haben Sie Verst\u00e4ndnis, dass Serverlogdaten f\u00fcr Sicherheit und Schutz dieser Webpr\u00e4senz unbedingt erforderlich sind.<\/p><p>Weitergehende personenbezogene Daten werden nur erfasst, wenn Sie diese Angaben freiwillig, etwa im Rahmen einer Anfrage oder Registrierung, machen.<\/p><h3>Bildverweise<\/h3><p>shutterstock.com, Adobe Stock, freeepik<\/p>\t\t\t\t\t\t\t\t<\/div>\n\t\t\t\t<\/div>\n\t\t\t\t\t<\/div>\n\t\t\t\t<\/div>\n\t\t\t\t<\/div>","protected":false},"excerpt":{"rendered":"<p>Impressum digiFORT Gesundheit und Pflege GmbH Gesch\u00e4ftsf\u00fchrer: Holger Strehlau, David VolmerWilhelmsh\u00f6her Allee 28734131 Kassel Internet: digifort-experts.de Verantwortlich f\u00fcr den Inhalt: Holger Strehlau, David VolmerSitz: Kassel HRB 18934USt-IdNr.: DE358185035Registergericht: Kassel Rechtliche Hinweise Links von anderen Internet-Angeboten auf diese Homepage oder ihre Unterseiten sind ohne weitere Informationen oder Anfragen erlaubt, sofern sie das Anliegen dieser Homepage unterst\u00fctzen [&hellip;]<\/p>\n","protected":false},"author":1,"featured_media":0,"parent":0,"menu_order":0,"comment_status":"closed","ping_status":"open","template":"elementor_header_footer","meta":{"_acf_changed":false,"inline_featured_image":false,"footnotes":""},"class_list":["post-828","page","type-page","status-publish","hentry"],"acf":[],"_links":{"self":[{"href":"https:\/\/digifort-experts.de\/en\/wp-json\/wp\/v2\/pages\/828","targetHints":{"allow":["GET"]}}],"collection":[{"href":"https:\/\/digifort-experts.de\/en\/wp-json\/wp\/v2\/pages"}],"about":[{"href":"https:\/\/digifort-experts.de\/en\/wp-json\/wp\/v2\/types\/page"}],"author":[{"embeddable":true,"href":"https:\/\/digifort-experts.de\/en\/wp-json\/wp\/v2\/users\/1"}],"replies":[{"embeddable":true,"href":"https:\/\/digifort-experts.de\/en\/wp-json\/wp\/v2\/comments?post=828"}],"version-history":[{"count":18,"href":"https:\/\/digifort-experts.de\/en\/wp-json\/wp\/v2\/pages\/828\/revisions"}],"predecessor-version":[{"id":2940,"href":"https:\/\/digifort-experts.de\/en\/wp-json\/wp\/v2\/pages\/828\/revisions\/2940"}],"wp:attachment":[{"href":"https:\/\/digifort-experts.de\/en\/wp-json\/wp\/v2\/media?parent=828"}],"curies":[{"name":"wp","href":"https:\/\/api.w.org\/{rel}","templated":true}]}}