{"id":1119,"date":"2025-10-21T13:13:01","date_gmt":"2025-10-21T11:13:01","guid":{"rendered":"https:\/\/experts.digifortserver.de\/about-us\/"},"modified":"2026-02-10T09:41:09","modified_gmt":"2026-02-10T08:41:09","slug":"ueber-uns","status":"publish","type":"page","link":"https:\/\/digifort-experts.de\/en\/ueber-uns\/","title":{"rendered":"\u00dcber uns"},"content":{"rendered":"\t\t<div data-elementor-type=\"wp-page\" data-elementor-id=\"1119\" class=\"elementor elementor-1119\" data-elementor-post-type=\"page\">\n\t\t\t\t<div class=\"elementor-element elementor-element-11817dfb e-con-full e-flex e-con e-child\" data-id=\"11817dfb\" data-element_type=\"container\" data-e-type=\"container\" id=\"vision\" data-settings=\"{&quot;background_background&quot;:&quot;classic&quot;,&quot;background_motion_fx_motion_fx_scrolling&quot;:&quot;yes&quot;,&quot;background_motion_fx_opacity_effect&quot;:&quot;yes&quot;,&quot;background_motion_fx_opacity_direction&quot;:&quot;in-out&quot;,&quot;background_motion_fx_opacity_level&quot;:{&quot;unit&quot;:&quot;px&quot;,&quot;size&quot;:8,&quot;sizes&quot;:[]},&quot;background_motion_fx_opacity_range&quot;:{&quot;unit&quot;:&quot;%&quot;,&quot;size&quot;:&quot;&quot;,&quot;sizes&quot;:{&quot;start&quot;:54,&quot;end&quot;:80}},&quot;background_motion_fx_devices&quot;:[&quot;desktop&quot;,&quot;tablet&quot;,&quot;mobile&quot;]}\">\n\t\t\t\t<\/div>\n\t\t<div class=\"elementor-element elementor-element-a2c8e3d e-flex e-con-boxed e-con e-child\" data-id=\"a2c8e3d\" data-element_type=\"container\" data-e-type=\"container\" data-settings=\"{&quot;background_background&quot;:&quot;classic&quot;}\">\n\t\t\t\t\t<div class=\"e-con-inner\">\n\t\t<div class=\"elementor-element elementor-element-4786cba e-con-full e-flex e-con e-child\" data-id=\"4786cba\" data-element_type=\"container\" data-e-type=\"container\" data-settings=\"{&quot;background_background&quot;:&quot;classic&quot;}\">\n\t\t\t\t<div class=\"elementor-element elementor-element-f02b8a6 elementor-widget__width-inherit elementor-widget elementor-widget-heading\" data-id=\"f02b8a6\" data-element_type=\"widget\" data-e-type=\"widget\" data-widget_type=\"heading.default\">\n\t\t\t\t<div class=\"elementor-widget-container\">\n\t\t\t\t\t<h1 class=\"elementor-heading-title elementor-size-default\">Unsere Vision<\/h1>\t\t\t\t<\/div>\n\t\t\t\t<\/div>\n\t\t\t\t<div class=\"elementor-element elementor-element-0d6221b elementor-widget__width-initial elementor-widget elementor-widget-text-editor\" data-id=\"0d6221b\" data-element_type=\"widget\" data-e-type=\"widget\" data-widget_type=\"text-editor.default\">\n\t\t\t\t<div class=\"elementor-widget-container\">\n\t\t\t\t\t\t\t\t\t<p>Wir gestalten eine Zukunft, in der Integration, Vertrauen und Qualit\u00e4t die Grundpfeiler einer modernen Gesundheitsversorgung sind. Durch unsere digitalen Bildungsangebote und ma\u00dfgeschneiderten Qualifizierungsprogramme leisten wir einen nachhaltigen Beitrag zur Bek\u00e4mpfung des Fachkr\u00e4ftemangels und f\u00f6rdern eine starke, diverse und kompetente Gesundheitsbranche in Deutschland.<\/p>\t\t\t\t\t\t\t\t<\/div>\n\t\t\t\t<\/div>\n\t\t\t\t<\/div>\n\t\t\t\t\t<\/div>\n\t\t\t\t<\/div>\n\t\t<div class=\"elementor-element elementor-element-f9cef38 e-flex e-con-boxed e-con e-parent\" data-id=\"f9cef38\" data-element_type=\"container\" data-e-type=\"container\" id=\"wersindwir\">\n\t\t\t\t\t<div class=\"e-con-inner\">\n\t\t\t\t<div class=\"elementor-element elementor-element-df2134d elementor-invisible elementor-widget elementor-widget-heading\" data-id=\"df2134d\" data-element_type=\"widget\" data-e-type=\"widget\" data-settings=\"{&quot;_animation&quot;:&quot;fadeIn&quot;}\" data-widget_type=\"heading.default\">\n\t\t\t\t<div class=\"elementor-widget-container\">\n\t\t\t\t\t<h2 class=\"elementor-heading-title elementor-size-default\">Wer wir sind<\/h2>\t\t\t\t<\/div>\n\t\t\t\t<\/div>\n\t\t\t\t<div class=\"elementor-element elementor-element-c4214b5 elementor-widget elementor-widget-heading\" data-id=\"c4214b5\" data-element_type=\"widget\" data-e-type=\"widget\" data-widget_type=\"heading.default\">\n\t\t\t\t<div class=\"elementor-widget-container\">\n\t\t\t\t\t<h3 class=\"elementor-heading-title elementor-size-default\">Digitale L\u00f6sungen zur Fachkr\u00e4ftesicherung im Gesundheitswesen<\/h3>\t\t\t\t<\/div>\n\t\t\t\t<\/div>\n\t\t<div class=\"elementor-element elementor-element-37d7aad8 e-con-full e-flex e-con e-child\" data-id=\"37d7aad8\" data-element_type=\"container\" data-e-type=\"container\" data-settings=\"{&quot;background_background&quot;:&quot;classic&quot;}\">\n\t\t<div class=\"elementor-element elementor-element-71f97aae e-con-full e-flex e-con e-child\" data-id=\"71f97aae\" data-element_type=\"container\" data-e-type=\"container\">\n\t\t\t\t<div class=\"elementor-element elementor-element-1bf71075 elementor-widget__width-initial elementor-hidden-mobile elementor-widget elementor-widget-text-editor\" data-id=\"1bf71075\" data-element_type=\"widget\" data-e-type=\"widget\" data-widget_type=\"text-editor.default\">\n\t\t\t\t<div class=\"elementor-widget-container\">\n\t\t\t\t\t\t\t\t\t<p>Wir, die digiFORT Gesundheit und Pflege GmbH sind darauf spezialisiert, innovative L\u00f6sungen f\u00fcr die Herausforderungen im Gesundheitswesen zu entwickeln und erfolgreich umzusetzen. Unsere digitalen, praxisnahen Qualifizierungsprogramme st\u00e4rken gezielt Fachkr\u00e4fte im Gesundheitswesen mit dem Bestreben, ihr pers\u00f6nliches und berufliches Potenzial zu entfalten. Wir verbinden Bildungsangebote, berufliche Expertise, Sprachbildung und strategische Beratung, um Talente zu f\u00f6rdern, Integration zu erleichtern und dem Fachkr\u00e4ftemangel im Gesundheitswesen nachhaltig zu begegnen.<\/p><p>Unser Modus Operandi: Wir verstehen uns daher als Schnittstelle zwischen Bildung und Arbeitsmarkt und begleiten internationale wie nationale Fachkr\u00e4fte auf ihrem Weg in die medizinische Versorgung in Deutschland.<\/p><p>Unsere Leistungen basieren auf fundiertem Expertenwissen, Teamwork und langj\u00e4hriger Erfahrung, sodass eine moderne, vielf\u00e4ltige und zukunftssichere Gesundheitsversorgung gew\u00e4hrleistet werden kann. Mit einem starken Netzwerk aus Krankenkassen, Klinken und Praxen, Bildungseinrichtungen und Branchenunternehmen gestalten wir aktiv den Wandel im Gesundheitswesen und f\u00f6rdern den Einsatz von Talenten dort, wo sie am dringendsten gebraucht werden.<\/p>\t\t\t\t\t\t\t\t<\/div>\n\t\t\t\t<\/div>\n\t\t\t\t<div class=\"elementor-element elementor-element-df1906f elementor-hidden-desktop elementor-hidden-tablet elementor-widget elementor-widget-n-accordion\" data-id=\"df1906f\" data-element_type=\"widget\" data-e-type=\"widget\" data-settings=\"{&quot;default_state&quot;:&quot;all_collapsed&quot;,&quot;max_items_expended&quot;:&quot;one&quot;,&quot;n_accordion_animation_duration&quot;:{&quot;unit&quot;:&quot;ms&quot;,&quot;size&quot;:400,&quot;sizes&quot;:[]}}\" data-widget_type=\"nested-accordion.default\">\n\t\t\t\t<div class=\"elementor-widget-container\">\n\t\t\t\t\t\t\t<div class=\"e-n-accordion\" aria-label=\"Accordion. Open links with Enter or Space, close with Escape, and navigate with Arrow Keys\">\n\t\t\t\t\t\t<details id=\"e-n-accordion-item-2330\" class=\"e-n-accordion-item\" >\n\t\t\t\t<summary class=\"e-n-accordion-item-title\" data-accordion-index=\"1\" tabindex=\"0\" aria-expanded=\"false\" aria-controls=\"e-n-accordion-item-2330\" >\n\t\t\t\t\t<span class='e-n-accordion-item-title-header'><div class=\"e-n-accordion-item-title-text\"> Wir, die digiFORT Gesundheit und Pflege GmbH sind darauf spezialisiert, innovative L\u00f6sungen f\u00fcr die Herausforderungen im Gesundheitswesen zu entwickeln und erfolgreich umzusetzen. <span class=\"read-more\"> &gt;&gt;&gt; Mehr anzeigen<\/span> <\/div><\/span>\n\t\t\t\t\t\t\t\t\t<\/summary>\n\t\t\t\t<div role=\"region\" aria-labelledby=\"e-n-accordion-item-2330\" class=\"elementor-element elementor-element-131f2e7 e-con-full e-flex e-con e-child\" data-id=\"131f2e7\" data-element_type=\"container\" data-e-type=\"container\">\n\t\t\t\t<div class=\"elementor-element elementor-element-e6a9c91 elementor-widget elementor-widget-text-editor\" data-id=\"e6a9c91\" data-element_type=\"widget\" data-e-type=\"widget\" data-widget_type=\"text-editor.default\">\n\t\t\t\t<div class=\"elementor-widget-container\">\n\t\t\t\t\t\t\t\t\t<p>Unsere digitalen, praxisnahen Qualifizierungsprogramme st\u00e4rken gezielt Fachkr\u00e4fte im Gesundheitswesen mit dem Bestreben, ihr pers\u00f6nliches und berufliches Potenzial zu entfalten. Wir verbinden Bildungsangebote, berufliche Expertise, Sprachbildung und strategische Beratung, um Talente zu f\u00f6rdern, Integration zu erleichtern und dem Fachkr\u00e4ftemangel im Gesundheitswesen nachhaltig zu begegnen.<\/p>\n<p>Unser Modus Operandi: Wir verstehen uns daher als Schnittstelle zwischen Bildung und Arbeitsmarkt und begleiten internationale wie nationale Fachkr\u00e4fte auf ihrem Weg in die medizinische Versorgung in Deutschland.<\/p>\n<p>Unsere Leistungen basieren auf fundiertem Expertenwissen, Teamwork und langj\u00e4hriger Erfahrung, sodass eine moderne, vielf\u00e4ltige und zukunftssichere Gesundheitsversorgung gew\u00e4hrleistet werden kann. Mit einem starken Netzwerk aus Krankenkassen, Klinken und Praxen, Bildungseinrichtungen und Branchenunternehmen gestalten wir aktiv den Wandel im Gesundheitswesen und f\u00f6rdern den Einsatz von Talenten dort, wo sie am dringendsten gebraucht werden.<\/p>\t\t\t\t\t\t\t\t<\/div>\n\t\t\t\t<\/div>\n\t\t\t\t<\/div>\n\t\t\t\t\t<\/details>\n\t\t\t\t\t<\/div>\n\t\t\t\t\t\t<\/div>\n\t\t\t\t<\/div>\n\t\t\t\t<\/div>\n\t\t<div class=\"elementor-element elementor-element-26b0648 e-con-full e-flex e-con e-child\" data-id=\"26b0648\" data-element_type=\"container\" data-e-type=\"container\">\n\t\t\t\t<div class=\"elementor-element elementor-element-5f6ab62e elementor-widget elementor-widget-image\" data-id=\"5f6ab62e\" data-element_type=\"widget\" data-e-type=\"widget\" data-widget_type=\"image.default\">\n\t\t\t\t<div class=\"elementor-widget-container\">\n\t\t\t\t\t\t\t\t\t\t\t\t\t\t\t<img fetchpriority=\"high\" decoding=\"async\" width=\"800\" height=\"534\" src=\"https:\/\/digifort-experts.de\/wp-content\/uploads\/2025\/11\/medizinisches-banner-mit-arzt-im-mantel-1024x683.jpg\" class=\"attachment-large size-large wp-image-1749\" alt=\"Medizinisches Banner mit Arzt im Mantel\" srcset=\"https:\/\/digifort-experts.de\/wp-content\/uploads\/2025\/11\/medizinisches-banner-mit-arzt-im-mantel-1024x683.jpg 1024w, https:\/\/digifort-experts.de\/wp-content\/uploads\/2025\/11\/medizinisches-banner-mit-arzt-im-mantel-300x200.jpg 300w, https:\/\/digifort-experts.de\/wp-content\/uploads\/2025\/11\/medizinisches-banner-mit-arzt-im-mantel-768x512.jpg 768w, https:\/\/digifort-experts.de\/wp-content\/uploads\/2025\/11\/medizinisches-banner-mit-arzt-im-mantel-1536x1024.jpg 1536w\" sizes=\"(max-width: 800px) 100vw, 800px\" \/>\t\t\t\t\t\t\t\t\t\t\t\t\t\t\t<\/div>\n\t\t\t\t<\/div>\n\t\t\t\t<\/div>\n\t\t\t\t<\/div>\n\t\t\t\t\t<\/div>\n\t\t\t\t<\/div>\n\t\t<div class=\"elementor-element elementor-element-7269cd13 e-flex e-con-boxed e-con e-parent\" data-id=\"7269cd13\" data-element_type=\"container\" data-e-type=\"container\" id=\"management\">\n\t\t\t\t\t<div class=\"e-con-inner\">\n\t\t\t\t<div class=\"elementor-element elementor-element-2aa2cbe0 elementor-widget elementor-widget-heading\" data-id=\"2aa2cbe0\" data-element_type=\"widget\" data-e-type=\"widget\" data-widget_type=\"heading.default\">\n\t\t\t\t<div class=\"elementor-widget-container\">\n\t\t\t\t\t<h2 class=\"elementor-heading-title elementor-size-default\">Management<\/h2>\t\t\t\t<\/div>\n\t\t\t\t<\/div>\n\t\t<div class=\"elementor-element elementor-element-4c76939d e-con-full e-flex e-con e-child\" data-id=\"4c76939d\" data-element_type=\"container\" data-e-type=\"container\">\n\t\t\t\t<div class=\"elementor-element elementor-element-25700a07 elementor-widget-tablet__width-initial elementor-widget-mobile__width-inherit elementor-widget__width-initial elementor-position-top elementor-widget elementor-widget-image-box\" data-id=\"25700a07\" data-element_type=\"widget\" data-e-type=\"widget\" data-widget_type=\"image-box.default\">\n\t\t\t\t<div class=\"elementor-widget-container\">\n\t\t\t\t\t<div class=\"elementor-image-box-wrapper\"><figure class=\"elementor-image-box-img\"><img decoding=\"async\" width=\"1365\" height=\"1365\" src=\"https:\/\/digifort-experts.de\/wp-content\/uploads\/2025\/12\/HSquadratsw.png\" class=\"elementor-animation-grow attachment-full size-full wp-image-2126\" alt=\"\" srcset=\"https:\/\/digifort-experts.de\/wp-content\/uploads\/2025\/12\/HSquadratsw.png 1365w, https:\/\/digifort-experts.de\/wp-content\/uploads\/2025\/12\/HSquadratsw-300x300.png 300w, https:\/\/digifort-experts.de\/wp-content\/uploads\/2025\/12\/HSquadratsw-1024x1024.png 1024w, https:\/\/digifort-experts.de\/wp-content\/uploads\/2025\/12\/HSquadratsw-150x150.png 150w, https:\/\/digifort-experts.de\/wp-content\/uploads\/2025\/12\/HSquadratsw-768x768.png 768w\" sizes=\"(max-width: 1365px) 100vw, 1365px\" \/><\/figure><div class=\"elementor-image-box-content\"><h3 class=\"elementor-image-box-title\">Holger Strehlau<\/h3><p class=\"elementor-image-box-description\">Gesch\u00e4ftsf\u00fchrer<\/p><\/div><\/div>\t\t\t\t<\/div>\n\t\t\t\t<\/div>\n\t\t\t\t<div class=\"elementor-element elementor-element-9a61047 elementor-widget-tablet__width-initial elementor-widget-mobile__width-inherit elementor-widget__width-initial elementor-position-top elementor-widget elementor-widget-image-box\" data-id=\"9a61047\" data-element_type=\"widget\" data-e-type=\"widget\" data-widget_type=\"image-box.default\">\n\t\t\t\t<div class=\"elementor-widget-container\">\n\t\t\t\t\t<div class=\"elementor-image-box-wrapper\"><figure class=\"elementor-image-box-img\"><img decoding=\"async\" width=\"1024\" height=\"1024\" src=\"https:\/\/digifort-experts.de\/wp-content\/uploads\/2025\/11\/image.1024x1024.jpg\" class=\"elementor-animation-grow attachment-full size-full wp-image-1589\" alt=\"\" srcset=\"https:\/\/digifort-experts.de\/wp-content\/uploads\/2025\/11\/image.1024x1024.jpg 1024w, https:\/\/digifort-experts.de\/wp-content\/uploads\/2025\/11\/image.1024x1024-300x300.jpg 300w, https:\/\/digifort-experts.de\/wp-content\/uploads\/2025\/11\/image.1024x1024-150x150.jpg 150w, https:\/\/digifort-experts.de\/wp-content\/uploads\/2025\/11\/image.1024x1024-768x768.jpg 768w\" sizes=\"(max-width: 1024px) 100vw, 1024px\" \/><\/figure><div class=\"elementor-image-box-content\"><h3 class=\"elementor-image-box-title\">David Volmer<\/h3><p class=\"elementor-image-box-description\">Gesch\u00e4ftsf\u00fchrer<\/p><\/div><\/div>\t\t\t\t<\/div>\n\t\t\t\t<\/div>\n\t\t\t\t<\/div>\n\t\t\t\t\t<\/div>\n\t\t\t\t<\/div>\n\t\t<div class=\"elementor-element elementor-element-be38eb4 e-flex e-con-boxed e-con e-parent\" data-id=\"be38eb4\" data-element_type=\"container\" data-e-type=\"container\" data-settings=\"{&quot;background_background&quot;:&quot;classic&quot;}\">\n\t\t\t\t\t<div class=\"e-con-inner\">\n\t\t<div class=\"elementor-element elementor-element-b6cab5c e-flex e-con-boxed e-con e-child\" data-id=\"b6cab5c\" data-element_type=\"container\" data-e-type=\"container\" id=\"kontakt\" data-settings=\"{&quot;background_background&quot;:&quot;classic&quot;}\">\n\t\t\t\t\t<div class=\"e-con-inner\">\n\t\t\t\t<div class=\"elementor-element elementor-element-6ade28f elementor-widget elementor-widget-icon-box\" data-id=\"6ade28f\" data-element_type=\"widget\" data-e-type=\"widget\" data-widget_type=\"icon-box.default\">\n\t\t\t\t<div class=\"elementor-widget-container\">\n\t\t\t\t\t\t\t<div class=\"elementor-icon-box-wrapper\">\n\n\t\t\t\n\t\t\t\t\t\t<div class=\"elementor-icon-box-content\">\n\n\t\t\t\t\t\t\t\t\t<h2 class=\"elementor-icon-box-title\">\n\t\t\t\t\t\t<span  >\n\t\t\t\t\t\t\tKontaktieren Sie uns!\t\t\t\t\t\t<\/span>\n\t\t\t\t\t<\/h2>\n\t\t\t\t\n\t\t\t\t\n\t\t\t<\/div>\n\t\t\t\n\t\t<\/div>\n\t\t\t\t\t\t<\/div>\n\t\t\t\t<\/div>\n\t\t\t\t<div class=\"elementor-element elementor-element-37f57f0 elementor-button-align-end elementor-mobile-button-align-center elementor-widget elementor-widget-form\" data-id=\"37f57f0\" data-element_type=\"widget\" data-e-type=\"widget\" data-settings=\"{&quot;step_next_label&quot;:&quot;Next&quot;,&quot;step_previous_label&quot;:&quot;Previous&quot;,&quot;button_width&quot;:&quot;100&quot;,&quot;step_type&quot;:&quot;number_text&quot;,&quot;step_icon_shape&quot;:&quot;circle&quot;}\" data-widget_type=\"form.default\">\n\t\t\t\t<div class=\"elementor-widget-container\">\n\t\t\t\t\t\t\t<form class=\"elementor-form\" method=\"post\" name=\"New Form\" aria-label=\"New Form\">\n\t\t\t<input type=\"hidden\" name=\"post_id\" value=\"1119\"\/>\n\t\t\t<input type=\"hidden\" name=\"form_id\" value=\"37f57f0\"\/>\n\t\t\t<input type=\"hidden\" name=\"referer_title\" value=\"\" \/>\n\n\t\t\t\n\t\t\t<div class=\"elementor-form-fields-wrapper elementor-labels-\">\n\t\t\t\t\t\t\t\t<div class=\"elementor-field-type-text elementor-field-group elementor-column elementor-field-group-name elementor-col-50 elementor-field-required\">\n\t\t\t\t\t\t\t\t\t\t\t\t<label for=\"form-field-name\" class=\"elementor-field-label elementor-screen-only\">\n\t\t\t\t\t\t\t\tVorname\t\t\t\t\t\t\t<\/label>\n\t\t\t\t\t\t\t\t\t\t\t\t\t\t<input size=\"1\" type=\"text\" name=\"form_fields[name]\" id=\"form-field-name\" class=\"elementor-field elementor-size-sm  elementor-field-textual\" placeholder=\"Vorname*\" required=\"required\">\n\t\t\t\t\t\t\t\t\t\t\t<\/div>\n\t\t\t\t\t\t\t\t<div class=\"elementor-field-type-text elementor-field-group elementor-column elementor-field-group-field_5e63ec7 elementor-col-50 elementor-field-required\">\n\t\t\t\t\t\t\t\t\t\t\t\t<label for=\"form-field-field_5e63ec7\" class=\"elementor-field-label elementor-screen-only\">\n\t\t\t\t\t\t\t\tNachname\t\t\t\t\t\t\t<\/label>\n\t\t\t\t\t\t\t\t\t\t\t\t\t\t<input size=\"1\" type=\"text\" name=\"form_fields[field_5e63ec7]\" id=\"form-field-field_5e63ec7\" class=\"elementor-field elementor-size-sm  elementor-field-textual\" placeholder=\"Nachname*\" required=\"required\">\n\t\t\t\t\t\t\t\t\t\t\t<\/div>\n\t\t\t\t\t\t\t\t<div class=\"elementor-field-type-tel elementor-field-group elementor-column elementor-field-group-field_f5f1e1b elementor-col-50\">\n\t\t\t\t\t\t\t\t\t\t\t\t<label for=\"form-field-field_f5f1e1b\" class=\"elementor-field-label elementor-screen-only\">\n\t\t\t\t\t\t\t\tTelefonnummer\t\t\t\t\t\t\t<\/label>\n\t\t\t\t\t\t\t\t<input size=\"1\" type=\"tel\" name=\"form_fields[field_f5f1e1b]\" id=\"form-field-field_f5f1e1b\" class=\"elementor-field elementor-size-sm  elementor-field-textual\" placeholder=\"Telefonnummer\" pattern=\"[0-9()#&amp;+*-=.]+\" title=\"Only numbers and phone characters (#, -, *, etc) are accepted.\">\n\n\t\t\t\t\t\t<\/div>\n\t\t\t\t\t\t\t\t<div class=\"elementor-field-type-email elementor-field-group elementor-column elementor-field-group-email elementor-col-50 elementor-field-required\">\n\t\t\t\t\t\t\t\t\t\t\t\t<label for=\"form-field-email\" class=\"elementor-field-label elementor-screen-only\">\n\t\t\t\t\t\t\t\tE-Mail-Adresse\t\t\t\t\t\t\t<\/label>\n\t\t\t\t\t\t\t\t\t\t\t\t\t\t<input size=\"1\" type=\"email\" name=\"form_fields[email]\" id=\"form-field-email\" class=\"elementor-field elementor-size-sm  elementor-field-textual\" placeholder=\"E-Mail-Adresse*\" required=\"required\">\n\t\t\t\t\t\t\t\t\t\t\t<\/div>\n\t\t\t\t\t\t\t\t<div class=\"elementor-field-type-textarea elementor-field-group elementor-column elementor-field-group-message elementor-col-100\">\n\t\t\t\t\t\t\t\t\t\t\t\t<label for=\"form-field-message\" class=\"elementor-field-label elementor-screen-only\">\n\t\t\t\t\t\t\t\tMessage\t\t\t\t\t\t\t<\/label>\n\t\t\t\t\t\t<textarea class=\"elementor-field-textual elementor-field  elementor-size-sm\" name=\"form_fields[message]\" id=\"form-field-message\" rows=\"4\" placeholder=\"Ihre Nachricht an uns*\"><\/textarea>\t\t\t\t<\/div>\n\t\t\t\t\t\t\t\t<div class=\"elementor-field-type-recaptcha elementor-field-group elementor-column elementor-field-group-field_e741d55 elementor-col-100\">\n\t\t\t\t\t<div class=\"elementor-field\" id=\"form-field-field_e741d55\"><div class=\"elementor-g-recaptcha\" data-sitekey=\"6LeZNiUsAAAAANhUd6OqHjdUUvlTI1CWuql7RU0Y\" data-type=\"v2_checkbox\" data-theme=\"light\" data-size=\"normal\"><\/div><\/div>\t\t\t\t<\/div>\n\t\t\t\t\t\t\t\t<div class=\"elementor-field-group elementor-column elementor-field-type-submit elementor-col-100 e-form__buttons\">\n\t\t\t\t\t<button class=\"elementor-button elementor-size-md\" type=\"submit\">\n\t\t\t\t\t\t<span class=\"elementor-button-content-wrapper\">\n\t\t\t\t\t\t\t\t\t\t\t\t\t\t\t\t\t\t\t\t\t\t<span class=\"elementor-button-text\">Abschicken<\/span>\n\t\t\t\t\t\t\t\t\t\t\t\t\t<\/span>\n\t\t\t\t\t<\/button>\n\t\t\t\t<\/div>\n\t\t\t<\/div>\n\t\t<\/form>\n\t\t\t\t\t\t<\/div>\n\t\t\t\t<\/div>\n\t\t\t\t\t<\/div>\n\t\t\t\t<\/div>\n\t\t\t\t\t<\/div>\n\t\t\t\t<\/div>\n\t\t\t\t<\/div>\n\t\t","protected":false},"excerpt":{"rendered":"<p>Unsere Vision Wir gestalten eine Zukunft, in der Integration, Vertrauen und Qualit\u00e4t die Grundpfeiler einer modernen Gesundheitsversorgung sind. Durch unsere digitalen Bildungsangebote und ma\u00dfgeschneiderten Qualifizierungsprogramme leisten wir einen nachhaltigen Beitrag zur Bek\u00e4mpfung des Fachkr\u00e4ftemangels und f\u00f6rdern eine starke, diverse und kompetente Gesundheitsbranche in Deutschland. Wer wir sind Digitale L\u00f6sungen zur Fachkr\u00e4ftesicherung im Gesundheitswesen Wir, die [&hellip;]<\/p>\n","protected":false},"author":1,"featured_media":1128,"parent":0,"menu_order":0,"comment_status":"closed","ping_status":"closed","template":"","meta":{"_acf_changed":false,"inline_featured_image":false,"footnotes":""},"class_list":["post-1119","page","type-page","status-publish","has-post-thumbnail","hentry"],"acf":[],"_links":{"self":[{"href":"https:\/\/digifort-experts.de\/en\/wp-json\/wp\/v2\/pages\/1119","targetHints":{"allow":["GET"]}}],"collection":[{"href":"https:\/\/digifort-experts.de\/en\/wp-json\/wp\/v2\/pages"}],"about":[{"href":"https:\/\/digifort-experts.de\/en\/wp-json\/wp\/v2\/types\/page"}],"author":[{"embeddable":true,"href":"https:\/\/digifort-experts.de\/en\/wp-json\/wp\/v2\/users\/1"}],"replies":[{"embeddable":true,"href":"https:\/\/digifort-experts.de\/en\/wp-json\/wp\/v2\/comments?post=1119"}],"version-history":[{"count":176,"href":"https:\/\/digifort-experts.de\/en\/wp-json\/wp\/v2\/pages\/1119\/revisions"}],"predecessor-version":[{"id":2731,"href":"https:\/\/digifort-experts.de\/en\/wp-json\/wp\/v2\/pages\/1119\/revisions\/2731"}],"wp:featuredmedia":[{"embeddable":true,"href":"https:\/\/digifort-experts.de\/en\/wp-json\/wp\/v2\/media\/1128"}],"wp:attachment":[{"href":"https:\/\/digifort-experts.de\/en\/wp-json\/wp\/v2\/media?parent=1119"}],"curies":[{"name":"wp","href":"https:\/\/api.w.org\/{rel}","templated":true}]}}